{"id":1684,"date":"2018-07-31T15:52:58","date_gmt":"2018-07-31T15:52:58","guid":{"rendered":"https:\/\/evangelizationschool.com\/store\/product\/import-placeholder-for-7404\/"},"modified":"2025-11-04T10:19:15","modified_gmt":"2025-11-04T15:19:15","slug":"made-for-more-spanish","status":"publish","type":"product","link":"https:\/\/evangelizationschool.com\/store\/product\/made-for-more-spanish\/","title":{"rendered":"Made for More (Spanish)"},"content":{"rendered":"<p>Aunque todo lo que hacen \u2013 y todas las decisiones que toman \u2013 tienen como prop\u00f3sito obtener la felicidad, podr\u00edan detenerse de vez en cuando y preguntarse, \u201c\u00bfPor qu\u00e9 estoy aqu\u00ed?\u201d y \u201c\u00bfTiene la vida un significado m\u00e1s profundo?\u201d Para encontrar la respuesta a estas preguntas, necesitan ir m\u00e1s all\u00e1 de las distracciones del mundo y estar dispuestos a descubrir su verdadero prop\u00f3sito y su verdadero potencial.<\/p>\n<p>Si encuentran su verdadero prop\u00f3sito, descubrir\u00e1n que, en realidad, est\u00e1n \u201chechos para m\u00e1s\u201d de lo que nuestra cultura nos ofrece. Ver\u00e1n la vida como la aventura que est\u00e1 supuesta a ser, y encontrar\u00e1n que tienen un papel irremplazable que desempe\u00f1ar en el mundo. Esto los colocar\u00e1 en el camino hacia una paz verdadera y una satisfacci\u00f3n que habr\u00e1 de durar el resto de su vida \u2013 y hasta la eternidad.<\/p>\n<p><em>While everything you do and every decision you make is aimed at making you happy, you may step back from time to time and ask yourself, Why am I here? and, Is there a deeper meaning to life? To find these answers, you need go beyond the distractions of the world and be open to discovering your true purpose and self-potential.<\/em><\/p>\n<p><em>If you find your true purpose, you&#8217;ll discover that you really are made for more than what our culture has to offer. You will see life as the adventure it&#8217;s meant to be, and you&#8217;ll find that you have an irreplaceable role to play in the world. This will set you on a path toward true peace and contentment that will last for the rest of your life and into eternity.<\/em><\/p>\n","protected":false},"excerpt":{"rendered":"<p>Aunque todo lo que hacen \u2013 y todas las decisiones que toman \u2013 tienen como prop\u00f3sito obtener la felicidad, podr\u00edan detenerse de vez en cuando y preguntarse, \u201c\u00bfPor qu\u00e9 estoy aqu\u00ed?\u201d y \u201c\u00bfTiene la vida un significado m\u00e1s profundo?\u201d Para encontrar la respuesta a estas preguntas, necesitan ir m\u00e1s all\u00e1 de las distracciones del mundo [&#8230;]\n","protected":false},"featured_media":7453,"comment_status":"open","ping_status":"closed","template":"","meta":{"om_disable_all_campaigns":false,"jetpack_post_was_ever_published":false},"product_brand":[],"product_cat":[23],"product_tag":[],"class_list":{"0":"post-1684","1":"product","2":"type-product","3":"status-publish","4":"has-post-thumbnail","6":"product_cat-books","7":"product_shipping_class-default","9":"first","10":"instock","11":"taxable","12":"shipping-taxable","13":"purchasable","14":"product-type-simple"},"jetpack_sharing_enabled":true,"_links":{"self":[{"href":"https:\/\/evangelizationschool.com\/store\/wp-json\/wp\/v2\/product\/1684","targetHints":{"allow":["GET"]}}],"collection":[{"href":"https:\/\/evangelizationschool.com\/store\/wp-json\/wp\/v2\/product"}],"about":[{"href":"https:\/\/evangelizationschool.com\/store\/wp-json\/wp\/v2\/types\/product"}],"replies":[{"embeddable":true,"href":"https:\/\/evangelizationschool.com\/store\/wp-json\/wp\/v2\/comments?post=1684"}],"wp:featuredmedia":[{"embeddable":true,"href":"https:\/\/evangelizationschool.com\/store\/wp-json\/wp\/v2\/media\/7453"}],"wp:attachment":[{"href":"https:\/\/evangelizationschool.com\/store\/wp-json\/wp\/v2\/media?parent=1684"}],"wp:term":[{"taxonomy":"product_brand","embeddable":true,"href":"https:\/\/evangelizationschool.com\/store\/wp-json\/wp\/v2\/product_brand?post=1684"},{"taxonomy":"product_cat","embeddable":true,"href":"https:\/\/evangelizationschool.com\/store\/wp-json\/wp\/v2\/product_cat?post=1684"},{"taxonomy":"product_tag","embeddable":true,"href":"https:\/\/evangelizationschool.com\/store\/wp-json\/wp\/v2\/product_tag?post=1684"}],"curies":[{"name":"wp","href":"https:\/\/api.w.org\/{rel}","templated":true}]}}